{"id":120,"date":"2019-05-08T01:01:11","date_gmt":"2019-05-07T23:01:11","guid":{"rendered":"http:\/\/www.limeproject.eu\/lpwp5\/it\/?page_id=120"},"modified":"2019-07-10T11:49:40","modified_gmt":"2019-07-10T09:49:40","slug":"test","status":"publish","type":"page","link":"https:\/\/limeproject.eu\/es\/","title":{"rendered":"Home"},"content":{"rendered":"<p class=\"qtranxs-available-languages-message qtranxs-available-languages-message-es\">Disculpa, pero esta entrada est\u00e1 disponible s\u00f3lo en <a href=\"https:\/\/limeproject.eu\/en\/wp-json\/wp\/v2\/pages\/120\" class=\"qtranxs-available-language-link qtranxs-available-language-link-en\" title=\"English\">Ingl\u00e9s Estadounidense<\/a>.<\/p><p><b>LIME &#8211; Labour For Migrants Employment<\/b> &#8211; is a 2 year Project promoting the swift integration of young TCNs \u2013 Third Country Nationals &#8211; (aged 18-29) in the labour market by fostering the application of the \u201cMigrants Economic Integration Cluster &#8211; MEIC\u201c at local level and all over Europe.<\/p>\n<p>The core of the project are the two pilot actions to be implemented in two relevant local contexts in Italy and Spain. The activities aim at:<\/p>\n<ul>\n<li>Consolidating a strategic and operational collaboration among socio-economic key actors (associations of employers, vocational training providers, employment services, local authorities, companies CoCs);<\/li>\n<li>Increasing the effectiveness of existing labour market integration policies and tools adapting them to TCNs needs;<\/li>\n<li>Standardizing and systematizing the \u201cCluster\u201d methodology to make it replicable in other local contexts.<\/li>\n<\/ul>\n<p><\/p>","protected":false},"excerpt":{"rendered":"<p>Disculpa, pero esta entrada est\u00e1 disponible s\u00f3lo en Ingl\u00e9s Estadounidense.LIME &#8211; Labour For Migrants Employment &#8211; is a 2 year Project promoting the swift integration of young TCNs \u2013 Third Country Nationals &#8211; (aged 18-29) in the labour market by fostering the application of the \u201cMigrants Economic Integration Cluster &#8211; MEIC\u201c at local level and [&hellip;]<\/p>\n","protected":false},"author":1,"featured_media":208,"parent":0,"menu_order":1,"comment_status":"closed","ping_status":"closed","template":"","meta":[],"_links":{"self":[{"href":"https:\/\/limeproject.eu\/es\/wp-json\/wp\/v2\/pages\/120"}],"collection":[{"href":"https:\/\/limeproject.eu\/es\/wp-json\/wp\/v2\/pages"}],"about":[{"href":"https:\/\/limeproject.eu\/es\/wp-json\/wp\/v2\/types\/page"}],"author":[{"embeddable":true,"href":"https:\/\/limeproject.eu\/es\/wp-json\/wp\/v2\/users\/1"}],"replies":[{"embeddable":true,"href":"https:\/\/limeproject.eu\/es\/wp-json\/wp\/v2\/comments?post=120"}],"version-history":[{"count":5,"href":"https:\/\/limeproject.eu\/es\/wp-json\/wp\/v2\/pages\/120\/revisions"}],"predecessor-version":[{"id":145,"href":"https:\/\/limeproject.eu\/es\/wp-json\/wp\/v2\/pages\/120\/revisions\/145"}],"wp:featuredmedia":[{"embeddable":true,"href":"https:\/\/limeproject.eu\/es\/wp-json\/wp\/v2\/media\/208"}],"wp:attachment":[{"href":"https:\/\/limeproject.eu\/es\/wp-json\/wp\/v2\/media?parent=120"}],"curies":[{"name":"wp","href":"https:\/\/api.w.org\/{rel}","templated":true}]}}