{"id":161,"date":"2019-05-26T15:56:54","date_gmt":"2019-05-26T13:56:54","guid":{"rendered":"http:\/\/www.limeproject.eu\/lpwp5\/?page_id=161"},"modified":"2020-10-08T12:54:12","modified_gmt":"2020-10-08T10:54:12","slug":"the-project","status":"publish","type":"page","link":"https:\/\/limeproject.eu\/es\/the-project\/","title":{"rendered":"El Proyecto"},"content":{"rendered":"<p><strong>LIME &#8211; Labour Integration For Migrants Employment<\/strong> &#8211; es un proyecto de 2 a\u00f1os que promueve la r<strong>\u00e1pida integraci\u00f3n de j\u00f3venes de terceros pa\u00edses TCNs<\/strong> &#8211; (18-29 a\u00f1os) &#8211; en el mercado laboral, incentivando el uso del modelo \u00abMEIC &#8211; Migrants Economic Integration Cluster\u00bb a nivel local y en toda Europa.<\/p>\n<p>El proyecto LIME est\u00e1 financiado por la Uni\u00f3n Europea &#8211; DG Asuntos Internos &#8211; Fondo de Asilo, Migraci\u00f3n e Integraci\u00f3n (AMIF), y re\u00fane a 7 socios de Italia, Francia y Espa\u00f1a:<br \/>\nCIES Onlus &#8211; Centro di Informazione ed Educazione allo Sviluppo (como socio principal), Confcooperative &#8211; Unione Metropolitana di Roma (CONFCOOP-ROMA), Federaci\u00f3n de Plataformas Sociales Pinardi (PINARDI), Asociaci\u00f3n Guarani de Cooperaci\u00f3n Paraguay Espa\u00f1a (ONG GUARAN\u00cd), Libera Universit\u00e0 Maria SS. Assunta di Roma (LUMSA), Federazione Centro Nazionale Opere Salesiane Formazione Aggiornamento Professionale (CNOS-FAP) y ALDA &#8211; The European Association for Local Democracy.<\/p>\n<hr \/>\n<h3>\u00bfCu\u00e1l es la metodolog\u00eda del MEIC?<\/h3>\n<p>La metodolog\u00eda del MEIC (Migrants Economic Integration Cluster) es un enfoque innovador y participativo basado en la creaci\u00f3n de una asociaci\u00f3n de m\u00faltiples interesados socioecon\u00f3micos, incluidos los agentes p\u00fablicos y privados.<\/p>\n<p>El n\u00facleo del proyecto son las <strong>dos acciones piloto<\/strong> que se implementaran en dos contextos locales relevantes en Italia y Espa\u00f1a.\u00a0 Las actividades est\u00e1n destinadas a:<\/p>\n<ul>\n<li>Consolidar la cooperaci\u00f3n estrat\u00e9gica entre los principales agentes socioecon\u00f3micos (asociaciones de empresarios, organizaciones de formaci\u00f3n profesional, servicios de empleo, autoridades locales, empresas, Etc.);<\/li>\n<li>Mejorar la eficacia de las actuales pol\u00edticas e instrumentos de integraci\u00f3n del mercado laboral adapt\u00e1ndolos a las necesidades de los TCNs;<\/li>\n<li>Estandarizar y sistematizar la metodolog\u00eda de \u00abCluster\u00bb para hacerla replicable en otros contextos locales.<\/li>\n<\/ul>\n<p>Mediante la definici\u00f3n y aplicaci\u00f3n del modelo MEIC, el proyecto LIME pretende crear una e<strong>strategia a largo plazo para reforzar las pol\u00edticas y los instrumentos de integraci\u00f3n de los j\u00f3venes migrantes en el mercado laboral<\/strong> en los territorios de intervenci\u00f3n, adapt\u00e1ndolos a sus necesidades.<\/p>\n<hr \/>\n<h3>Nuestro enfoque<\/h3>\n<p>Se organizar\u00e1n c<strong>apacity building workshops<\/strong> con el fin de movilizar a los principales agentes para que apliquen la metodolog\u00eda del MEIC en toda Europa, mejoren su capacidad en materia de integraci\u00f3n en el mercado laboral de los nacionales de terceros pa\u00edses, sensibilicen a las partes interesadas e instituciones sobre la integraci\u00f3n en el mercado laboral de los nacionales de terceros pa\u00edses y la metodolog\u00eda del MEIC, y alienten a los empleadores a que apoyen la iniciativa de la UE \u00abEmpleadores juntos para la integraci\u00f3n\u00bb.<\/p>\n<p>Se organizar\u00e1n tres talleres nacionales en <strong>Estrasburgo, Roma y Madrid<\/strong> y un taller internacional de creaci\u00f3n de capacidad y una conferencia final en <strong>Bruselas<\/strong>. Los workshops se dirigir\u00e1n a los principales agentes socioecon\u00f3micos (como las autoridades locales, las empresas, las asociaciones de empleadores, las organizaciones no gubernamentales, los proveedores de formaci\u00f3n profesional y los servicios de empleo) a nivel nacional e internacional.<\/p>\n<hr \/>\n<h3>Nuestros objetivos<\/h3>\n<ul>\n<li>Estimular la colaboraci\u00f3n entre los principales agentes socioecon\u00f3micos (asociaciones de empleadores, proveedores de formaci\u00f3n profesional, servicios de empleo, autoridades locales, empresas del CdC)<\/li>\n<li>Aumento del empleo de los nacionales de terceros pa\u00edses en el mercado laboral mediante la capacitaci\u00f3n en empresas, talleres de autoempleo y cursos de idiomas profesionales L2<\/li>\n<li>Adaptaci\u00f3n de las pol\u00edticas e instrumentos existentes para la integraci\u00f3n en el mercado laboral a las necesidades de los nacionales de terceros pa\u00edses<\/li>\n<li>Promoci\u00f3n de iniciativas locales para una mejor inclusi\u00f3n de los nacionales de terceros pa\u00edses en el mercado laboral mediante la aplicaci\u00f3n de la metodolog\u00eda del MEIC en Italia y Espa\u00f1a<\/li>\n<li>Estandarizar la metodolog\u00eda del \u00abCluster\u00bb para hacerla replicable en otros contextos locales<\/li>\n<\/ul>\n<hr \/>\n<h3>Nuestros resultados<\/h3>\n<ul>\n<li><strong>80<\/strong> nacionales de terceros pa\u00edses firmar\u00e1n un contrato de trabajo\/aprendizaje\/pasant\u00eda despu\u00e9s de recibir una formaci\u00f3n profesional espec\u00edfica.<\/li>\n<li><strong>20<\/strong> nacionales de terceros pa\u00edses participar\u00e1n en cursos de capacitaci\u00f3n para empresas<\/li>\n<li>\u00a0<strong>2<\/strong> nuevas empresas se crear\u00e1n<\/li>\n<li><strong>200<\/strong> actores clave participar\u00e1n en los talleres de creaci\u00f3n de capacidad y recibir\u00e1n el kit del MEIC<\/li>\n<li><strong>20<\/strong> empleadores se unir\u00e1n a la iniciativa de la UE \u00abEmpleadores juntos por la integraci\u00f3n\u00bb<\/li>\n<li>\u00a0<strong>1<\/strong> documento de recomendaci\u00f3n se elaborar\u00e1y se difundir\u00e1 el modelo del MEIC a nivel europeo<\/li>\n<\/ul>\n<p><\/p>","protected":false},"excerpt":{"rendered":"<p>LIME &#8211; Labour Integration For Migrants Employment &#8211; es un proyecto de 2 a\u00f1os que promueve la r\u00e1pida integraci\u00f3n de j\u00f3venes de terceros pa\u00edses TCNs &#8211; (18-29 a\u00f1os) &#8211; en el mercado laboral, incentivando el uso del modelo \u00abMEIC &#8211; Migrants Economic Integration Cluster\u00bb a nivel local y en toda Europa. El proyecto LIME est\u00e1 [&hellip;]<\/p>\n","protected":false},"author":1,"featured_media":208,"parent":0,"menu_order":2,"comment_status":"closed","ping_status":"closed","template":"","meta":[],"_links":{"self":[{"href":"https:\/\/limeproject.eu\/es\/wp-json\/wp\/v2\/pages\/161"}],"collection":[{"href":"https:\/\/limeproject.eu\/es\/wp-json\/wp\/v2\/pages"}],"about":[{"href":"https:\/\/limeproject.eu\/es\/wp-json\/wp\/v2\/types\/page"}],"author":[{"embeddable":true,"href":"https:\/\/limeproject.eu\/es\/wp-json\/wp\/v2\/users\/1"}],"replies":[{"embeddable":true,"href":"https:\/\/limeproject.eu\/es\/wp-json\/wp\/v2\/comments?post=161"}],"version-history":[{"count":18,"href":"https:\/\/limeproject.eu\/es\/wp-json\/wp\/v2\/pages\/161\/revisions"}],"predecessor-version":[{"id":484,"href":"https:\/\/limeproject.eu\/es\/wp-json\/wp\/v2\/pages\/161\/revisions\/484"}],"wp:featuredmedia":[{"embeddable":true,"href":"https:\/\/limeproject.eu\/es\/wp-json\/wp\/v2\/media\/208"}],"wp:attachment":[{"href":"https:\/\/limeproject.eu\/es\/wp-json\/wp\/v2\/media?parent=161"}],"curies":[{"name":"wp","href":"https:\/\/api.w.org\/{rel}","templated":true}]}}