{"id":161,"date":"2019-05-26T15:56:54","date_gmt":"2019-05-26T13:56:54","guid":{"rendered":"http:\/\/www.limeproject.eu\/lpwp5\/?page_id=161"},"modified":"2020-10-08T12:54:12","modified_gmt":"2020-10-08T10:54:12","slug":"the-project","status":"publish","type":"page","link":"https:\/\/limeproject.eu\/it\/the-project\/","title":{"rendered":"Il Progetto"},"content":{"rendered":"<p><strong>LIME &#8211; Labour Integration For Migrants Employment <\/strong>\u00e8 un progetto di 2 anni che promuove la r<strong>apida integrazione dei giovani (18-29 anni) cittadini di paesi terzi<\/strong> nel mercato del lavoro incoraggiando l\u2019uso del\u00a0 <strong>modello &#8220;MEIC<\/strong> &#8211; Migrants Economic Integration Cluster \u201d a livello locale e in tutta Europa.<\/p>\n<p>Il progetto LIME \u00e8 finanziato dall&#8217;Unione Europea &#8211; DG Affari Interni &#8211; Fondo per l&#8217;asilo, la migrazione e l&#8217;integrazione (AMIF), e riunisce 7 partner provenienti da Italia, Francia e Spagna:<br \/>\nCIES Onlus \u2013 Centro di Informazione ed Educazione allo Sviluppo (come lead partner), Confcooperative \u2013 Unione Metropolitana di Roma (CONFCOOP-ROMA), Federaci\u00f3n de Plataformas Sociales Pinardi (PINARDI), Asociaci\u00f3n Guarani de Cooperaci\u00f3n Paraguay Espa\u00f1a (GUARAN\u00cd NGO), Libera Universit\u00e0 Maria SS. Assunta di Roma (LUMSA), Federazione Centro Nazionale Opere Salesiane Formazione Aggiornamento Professionale (CNOS-FAP) e ALDA \u2013 The European Association for Local Democracy.<\/p>\n<hr \/>\n<h3><strong>Cos&#8217;\u00e8 la metodologia MEIC? <\/strong><\/h3>\n<p>La metodologia MEIC (Migrants Economic Integration Cluster &#8211; MEIC) \u00e8 un approccio innovativo e partecipativo basato sulla creazione di una partnership di multi-stakeholder socio-economici, compresi gli attori pubblici e privati.<\/p>\n<p>Il cuore del progetto sono le <strong>due azioni pilota<\/strong> da attuare in due contesti locali rilevanti in Italia e Spagna. Le attivit\u00e0 mirano a:<\/p>\n<ul>\n<li>Consolidare una collaborazione strategica e operativa tra i principali attori socio-economici (associazioni di datori di lavoro, organismi di formazione professionale, servizi per l&#8217;occupazione, enti locali, imprese, Camere di Commercio);<\/li>\n<li>Migliorare l&#8217;efficacia delle politiche e degli strumenti esistenti in materia di integrazione del mercato del lavoro adattandoli alle esigenze dei cittadini di paesi terzi;<\/li>\n<li>Standardizzare e sistematizzare la metodologia \u201cCluster\u201d per renderla replicabile in altri contesti locali.<\/li>\n<\/ul>\n<p>Attraverso la definizione e l&#8217;implementazione del modello MEIC, il progetto LIME intende <strong>creare una strategia a lungo termine per rafforzare le politiche e gli strumenti per l&#8217;integrazione dei giovani migranti nel mercato del lavoro<\/strong> nei territori di intervento, adattandoli alle loro esigenze.<\/p>\n<hr \/>\n<h3>Il nostro approccio<\/h3>\n<p>Saranno organizzati dei <strong>capacity building workshops<\/strong> con l&#8217;obiettivo di mobilitare gli attori chiave per applicare la metodologia MEIC in tutta Europa, migliorare le loro capacit\u00e0\u00a0 in termini di integrazione nel mercato del lavoro dei cittadini di paesi terzi, sensibilizzare gli stakeholders e le istituzioni sull&#8217;integrazione nel mercato del lavoro dei cittadini di paesi terzi e sulla metodologia MEIC, incoraggiare i datori di lavoro a sostenere l&#8217;iniziativa dell&#8217;UE &#8220;Datori di lavoro insieme per l&#8217;integrazione&#8221;.<\/p>\n<p>Saranno organizzati tre workshop nazionali a <strong>Strasburgo, Roma <\/strong>e<strong> Madrid, <\/strong>mentre a<strong> Bruxelles <\/strong>si terranno un capacity building workshop internazionale e la conferenza finale . I workshop saranno rivolti agli attori socio-economici chiave (come le autorit\u00e0 locali, le aziende, le associazioni di datori di lavoro, le ONG, i fornitori di formazione professionale, i servizi per l&#8217;impiego) a livello nazionale e internazionale.<\/p>\n<hr \/>\n<h3>I nostri obiettivi<\/h3>\n<ul>\n<li>Incentivare la collaborazione tra gli attori socio-economici chiave (associazioni di datori di lavoro, fornitori di formazione professionale, servizi per l&#8217;impiego, autorit\u00e0 locali, aziende CoC)<\/li>\n<li>Aumentare l&#8217;occupazione nel mercato del lavoro dei cittadini di paesi terzi attraverso la formazione aziendale, workshop per l&#8217;autoimprenditorialit\u00e0 e corsi di lingua professionale L2<\/li>\n<li>Adattare le politiche e gli strumenti esistenti per l&#8217;integrazione nel mercato del lavoro alle esigenze dei cittadini di paesi terzi<\/li>\n<li>Promuovere iniziative locali per una migliore inclusione dei cittadini di paesi terzi nel mercato del lavoro attraverso l&#8217;implementazione della metodologia MEIC in Italia e Spagna<\/li>\n<li>Standardizzare la metodologia &#8220;Cluster&#8221; per renderla replicabile in altri contesti locali<\/li>\n<\/ul>\n<hr \/>\n<h3>I nostri risultati<\/h3>\n<ul>\n<li><strong>80<\/strong> cittadini di paesi terzi firmeranno un contratto di lavoro\/apprendista\/intern dopo alcune formazioni professionali mirate<\/li>\n<li><strong>20<\/strong> cittadini di paesi terzi saranno coinvolti in percorsi di formazione aziendale<\/li>\n<li>\u00a0<strong>2<\/strong> nuove societ\u00e0 saranno create<\/li>\n<li><strong>200<\/strong> attori chiave saranno coinvolti nei capacity building workshops e riceveranno il kit MEIC<\/li>\n<li><strong>20<\/strong> datori di lavoro aderiranno all&#8217;iniziativa dell&#8217;UE &#8220;Datori di lavoro insieme per l&#8217;integrazione&#8221;<\/li>\n<li><strong>1\u00a0<\/strong> documento di raccomandazione verr\u00e0 prodotto e il modello MEIC sar\u00e0 diffuso a livello europeo<\/li>\n<\/ul>\n<p><\/p>","protected":false},"excerpt":{"rendered":"<p>LIME &#8211; Labour Integration For Migrants Employment \u00e8 un progetto di 2 anni che promuove la rapida integrazione dei giovani (18-29 anni) cittadini di paesi terzi nel mercato del lavoro incoraggiando l\u2019uso del\u00a0 modello &#8220;MEIC &#8211; Migrants Economic Integration Cluster \u201d a livello locale e in tutta Europa. Il progetto LIME \u00e8 finanziato dall&#8217;Unione Europea [&hellip;]<\/p>\n","protected":false},"author":1,"featured_media":208,"parent":0,"menu_order":2,"comment_status":"closed","ping_status":"closed","template":"","meta":[],"_links":{"self":[{"href":"https:\/\/limeproject.eu\/it\/wp-json\/wp\/v2\/pages\/161"}],"collection":[{"href":"https:\/\/limeproject.eu\/it\/wp-json\/wp\/v2\/pages"}],"about":[{"href":"https:\/\/limeproject.eu\/it\/wp-json\/wp\/v2\/types\/page"}],"author":[{"embeddable":true,"href":"https:\/\/limeproject.eu\/it\/wp-json\/wp\/v2\/users\/1"}],"replies":[{"embeddable":true,"href":"https:\/\/limeproject.eu\/it\/wp-json\/wp\/v2\/comments?post=161"}],"version-history":[{"count":18,"href":"https:\/\/limeproject.eu\/it\/wp-json\/wp\/v2\/pages\/161\/revisions"}],"predecessor-version":[{"id":484,"href":"https:\/\/limeproject.eu\/it\/wp-json\/wp\/v2\/pages\/161\/revisions\/484"}],"wp:featuredmedia":[{"embeddable":true,"href":"https:\/\/limeproject.eu\/it\/wp-json\/wp\/v2\/media\/208"}],"wp:attachment":[{"href":"https:\/\/limeproject.eu\/it\/wp-json\/wp\/v2\/media?parent=161"}],"curies":[{"name":"wp","href":"https:\/\/api.w.org\/{rel}","templated":true}]}}