{"id":166,"date":"2019-05-26T15:59:32","date_gmt":"2019-05-26T13:59:32","guid":{"rendered":"http:\/\/www.limeproject.eu\/lpwp5\/?page_id=166"},"modified":"2021-10-19T13:25:47","modified_gmt":"2021-10-19T11:25:47","slug":"resources","status":"publish","type":"page","link":"https:\/\/limeproject.eu\/it\/resources\/","title":{"rendered":"Risorse"},"content":{"rendered":"<p><\/p>\n<h4><span lang=\"EN\">Cos&#8217;\u00e8 la metodologia MEIC?<\/span><\/h4>\n<p>MEIC \u00e8 una metodologia per facilitare l&#8217;inserimento dei cittadini di Paesi Terzi, di et\u00e0 compresa tra i 18 e i 29 anni, nel mercato del lavoro e che coinvolge gruppi di attori socioeconomici che cooperano attraverso la condivisione di risorse, conoscenze e servizi all&#8217;interno di un sistema di gestione comune.<\/p>\n<p>La metodologia MEIC prevede attivit\u00e0 volte a stabilire una collaborazione e obiettivi condivisi tra gli attori socio-economici, che sono impegnati a promuovere l&#8217;integrazione dei cittadini di paesi terzi nel mercato del lavoro come elemento di sviluppo locale, creando <strong>reti di cluster<\/strong> tra i principali attori pubblici e privati.<\/p>\n<p>Questi cluster per l\u2019integrazione economica dei migranti sono altamente partecipativi e richiedono contributi duraturi definiti nel quadro di una strategia a lungo termine. Essendo legati a un&#8217;area territoriale limitata come una citt\u00e0 o una regione, i MEIC consentono soluzioni sensibili al contesto, massimizzando i punti di forza locali e migliorando le loro debolezze.<\/p>\n<p>Il progetto LIME prevede lo sviluppo dei <strong>due piani d&#8217;azione strategici MEIC, uno italiano e uno spagnolo<\/strong>, in parallelo alla realizzazione di due azioni pilota a Roma e a Madrid.<\/p>","protected":false},"excerpt":{"rendered":"<p>Cos&#8217;\u00e8 la metodologia MEIC? MEIC \u00e8 una metodologia per facilitare l&#8217;inserimento dei cittadini di Paesi Terzi, di et\u00e0 compresa tra i 18 e i 29 anni, nel mercato del lavoro e che coinvolge gruppi di attori socioeconomici che cooperano attraverso la condivisione di risorse, conoscenze e servizi all&#8217;interno di un sistema di gestione comune. La [&hellip;]<\/p>\n","protected":false},"author":1,"featured_media":0,"parent":0,"menu_order":4,"comment_status":"closed","ping_status":"closed","template":"","meta":[],"_links":{"self":[{"href":"https:\/\/limeproject.eu\/it\/wp-json\/wp\/v2\/pages\/166"}],"collection":[{"href":"https:\/\/limeproject.eu\/it\/wp-json\/wp\/v2\/pages"}],"about":[{"href":"https:\/\/limeproject.eu\/it\/wp-json\/wp\/v2\/types\/page"}],"author":[{"embeddable":true,"href":"https:\/\/limeproject.eu\/it\/wp-json\/wp\/v2\/users\/1"}],"replies":[{"embeddable":true,"href":"https:\/\/limeproject.eu\/it\/wp-json\/wp\/v2\/comments?post=166"}],"version-history":[{"count":29,"href":"https:\/\/limeproject.eu\/it\/wp-json\/wp\/v2\/pages\/166\/revisions"}],"predecessor-version":[{"id":626,"href":"https:\/\/limeproject.eu\/it\/wp-json\/wp\/v2\/pages\/166\/revisions\/626"}],"wp:attachment":[{"href":"https:\/\/limeproject.eu\/it\/wp-json\/wp\/v2\/media?parent=166"}],"curies":[{"name":"wp","href":"https:\/\/api.w.org\/{rel}","templated":true}]}}